{"id":709,"date":"2019-01-29T10:07:50","date_gmt":"2019-01-29T09:07:50","guid":{"rendered":"https:\/\/www.vonseherrthoss-painting.com\/impressum\/"},"modified":"2022-11-03T15:43:14","modified_gmt":"2022-11-03T14:43:14","slug":"impressum","status":"publish","type":"page","link":"https:\/\/www.vonseherrthoss-painting.com\/en\/impressum\/","title":{"rendered":"Impressum"},"content":{"rendered":"\n<div class=\"wp-block-columns has-2-columns is-layout-flex wp-container-core-columns-is-layout-9d6595d7 wp-block-columns-is-layout-flex\">\n<div class=\"wp-block-column is-layout-flow wp-block-column-is-layout-flow\">\n<p><strong>VONSEHERRTHOSS \u2013 PAINTING<\/strong><\/p>\n\n<p>Carola von Seherr-Thoss<br\/>\nBereiteranger 7<br\/>\n81541 M\u00fcnchen<\/p>\n\n<p>Telefon: 0049179.9146467<br\/>\ncontact@vonseherrthoss-painting.com<br\/>\nwww.vonseherrthoss-painting.com<\/p>\n\n<p>Steuer-Nr. 146\/188\/51061<\/p>\n\n\n\n<p><\/p>\n<\/div>\n\n\n\n<div class=\"wp-block-column is-layout-flow wp-block-column-is-layout-flow\">\n<strong>Fotografie<\/strong> &#8211; <a href=\"http:\/\/www.christophknoch.com\/\" target=\"_blank\" rel=\"noopener\">Christoph Knoch<\/a><br\/>\n<strong>Video<\/strong> \u2013 Carola von Seherr-Thoss<br\/>\n<strong>Videoschnitt<\/strong> \u2013 Zeno Legner\n\n\n\n<br\/><br\/>\n<strong>Gestaltung und Programmierung:<\/strong>\n<div class=\"websplash_copy\">\n<strong><span class=\"websplash_title\">websplash<\/span> \/\/ Teil der McFoxx GmbH<\/strong><br\/>\nFreyenberger Weg 11<br\/>\n53639 K\u00f6nigswinter<br\/>\n<span>tel.:<\/span> <a href=\"tel:+4922237969980\">02223 796 99 80<\/a><br\/>\n<span>web:<\/span> <a href=\"https:\/\/www.websplash.de\" target=\" _blank\" rel=\"noopener\">www.websplash.de<\/a><br\/>\n<span>eMail:<\/span> <a href=\"mailto:info@websplash.de\">info@websplash.de<\/a>\n<\/div>\n<\/div>\n<\/div>\n\n<p class=\"has-small-font-size\"><strong>Haftungsausschluss<\/strong><br\/><br\/>Diese Website und s\u00e4mtliche darauf enthaltenen Beitr\u00e4ge und Abbildungen sind urheberrechtlich gesch\u00fctzt. Die \u00dcbernahme von Beitr\u00e4gen und Abbildungen dieser Website zu nicht privaten Zwecken bedarf der ausdr\u00fccklichen vorherigen Zustimmung.<br\/><br\/>Die Internetseite <a href=\"http:\/\/www.vonseherthoss-painting.com\/\">www.vonseherthoss-painting.com<\/a> unterliegt regelm\u00e4\u00dfigen Ver\u00e4nderungen und Erg\u00e4nzungen, die der Aktualisierung der angebotenen Informationen dienen, insbesondere der Anpassung an rechtliche Ver\u00e4nderungen. Der Ersteller \u00fcbernimmt daher keine Haftung oder Garantie f\u00fcr Aktualit\u00e4t, Richtigkeit und Vollst\u00e4ndigkeit der dargestellten Informationen.<br\/><br\/>Der Ersteller haftet nicht f\u00fcr direkte oder indirekte Sch\u00e4den, einschlie\u00dflich entgangenen Gewinns, aus der Nutzung des Informations- und Funktionsangebotes dieser Seite. Das gilt insbesondere auch f\u00fcr die ausgewiesenen Links zu anderen Seiten, auf deren Inhalt der Ersteller keinen Einfluss hat und f\u00fcr den er keine Verantwortung tr\u00e4gt und \u00fcbernimmt. Die Aufnahme eines Links bedeutet auch keine Identifikation mit dem Inhalt der verlinkten Seite.<br\/><br\/>Bitte senden Sie mir keine E-Mail Werbung zu. Der Nutzung meiner Daten zu jeglichen Marketingzwecken widerspreche ich ausdr\u00fccklich. Zuwiderhandlungen werden im Rahmen der gesetzlichen Bestimmungen verfolgt.<br\/><\/p>\n","protected":false},"excerpt":{"rendered":"<p>VONSEHERRTHOSS \u2013 PAINTING Carola von Seherr-Thoss Bereiteranger 7 81541 M\u00fcnchen Telefon: 0049179.9146467 contact@vonseherrthoss-painting.com www.vonseherrthoss-painting.com Steuer-Nr. 146\/188\/51061 Fotografie &#8211; Christoph Knoch Video \u2013 Carola von Seherr-Thoss Videoschnitt \u2013 Zeno Legner Gestaltung und Programmierung: websplash \/\/ Teil der McFoxx GmbH Freyenberger Weg 11 53639 K\u00f6nigswinter tel.: 02223 796 99 80 web: www.websplash.de eMail: info@websplash.de Haftungsausschluss Diese Website [&hellip;]<\/p>\n","protected":false},"author":1,"featured_media":0,"parent":0,"menu_order":0,"comment_status":"closed","ping_status":"closed","template":"","meta":{"_acf_changed":false,"_genesis_hide_title":false,"_genesis_hide_breadcrumbs":false,"_genesis_hide_singular_image":false,"_genesis_hide_footer_widgets":false,"_genesis_custom_body_class":"","_genesis_custom_post_class":"","_genesis_layout":"","footnotes":""},"class_list":{"0":"post-709","1":"page","2":"type-page","3":"status-publish","5":"entry"},"acf":[],"yoast_head":"<!-- This site is optimized with the Yoast SEO plugin v27.4 - https:\/\/yoast.com\/product\/yoast-seo-wordpress\/ -->\n<title>Impressum | Rechtliche Hinweise | Malerin Carola von Seherr-Thoss<\/title>\n<meta name=\"description\" content=\"Hier finden Sie alle rechtlich relevanten Informationen zur Malerin Carola von Seherr-Thoss aus M\u00fcnchen.\" \/>\n<meta name=\"robots\" content=\"index, follow, max-snippet:-1, max-image-preview:large, max-video-preview:-1\" \/>\n<link rel=\"canonical\" href=\"https:\/\/www.vonseherrthoss-painting.com\/en\/impressum\/\" \/>\n<meta property=\"og:locale\" content=\"en_US\" \/>\n<meta property=\"og:type\" content=\"article\" \/>\n<meta property=\"og:title\" content=\"Impressum | Rechtliche Hinweise | Malerin Carola von Seherr-Thoss\" \/>\n<meta property=\"og:description\" content=\"Hier finden Sie alle rechtlich relevanten Informationen zur Malerin Carola von Seherr-Thoss aus M\u00fcnchen.\" \/>\n<meta property=\"og:url\" content=\"https:\/\/www.vonseherrthoss-painting.com\/en\/impressum\/\" \/>\n<meta property=\"og:site_name\" content=\"Carola von Seherr-Thoss\" \/>\n<meta property=\"article:modified_time\" content=\"2022-11-03T14:43:14+00:00\" \/>\n<meta name=\"twitter:card\" content=\"summary_large_image\" \/>\n<meta name=\"twitter:label1\" content=\"Est. reading time\" \/>\n\t<meta name=\"twitter:data1\" content=\"1 minute\" \/>\n<script type=\"application\/ld+json\" class=\"yoast-schema-graph\">{\"@context\":\"https:\\\/\\\/schema.org\",\"@graph\":[{\"@type\":\"WebPage\",\"@id\":\"https:\\\/\\\/www.vonseherrthoss-painting.com\\\/en\\\/impressum\\\/\",\"url\":\"https:\\\/\\\/www.vonseherrthoss-painting.com\\\/en\\\/impressum\\\/\",\"name\":\"Impressum | Rechtliche Hinweise | Malerin Carola von Seherr-Thoss\",\"isPartOf\":{\"@id\":\"https:\\\/\\\/www.vonseherrthoss-painting.com\\\/#website\"},\"datePublished\":\"2019-01-29T09:07:50+00:00\",\"dateModified\":\"2022-11-03T14:43:14+00:00\",\"description\":\"Hier finden Sie alle rechtlich relevanten Informationen zur Malerin Carola von Seherr-Thoss aus M\u00fcnchen.\",\"breadcrumb\":{\"@id\":\"https:\\\/\\\/www.vonseherrthoss-painting.com\\\/en\\\/impressum\\\/#breadcrumb\"},\"inLanguage\":\"en-US\",\"potentialAction\":[{\"@type\":\"ReadAction\",\"target\":[\"https:\\\/\\\/www.vonseherrthoss-painting.com\\\/en\\\/impressum\\\/\"]}]},{\"@type\":\"BreadcrumbList\",\"@id\":\"https:\\\/\\\/www.vonseherrthoss-painting.com\\\/en\\\/impressum\\\/#breadcrumb\",\"itemListElement\":[{\"@type\":\"ListItem\",\"position\":1,\"name\":\"Startseite\",\"item\":\"https:\\\/\\\/www.vonseherrthoss-painting.com\\\/en\\\/home\\\/\"},{\"@type\":\"ListItem\",\"position\":2,\"name\":\"Impressum\"}]},{\"@type\":\"WebSite\",\"@id\":\"https:\\\/\\\/www.vonseherrthoss-painting.com\\\/#website\",\"url\":\"https:\\\/\\\/www.vonseherrthoss-painting.com\\\/\",\"name\":\"Carola von Seherr-Thoss\",\"description\":\"Acryl on Canvas, Paperworks and more\",\"potentialAction\":[{\"@type\":\"SearchAction\",\"target\":{\"@type\":\"EntryPoint\",\"urlTemplate\":\"https:\\\/\\\/www.vonseherrthoss-painting.com\\\/?s={search_term_string}\"},\"query-input\":{\"@type\":\"PropertyValueSpecification\",\"valueRequired\":true,\"valueName\":\"search_term_string\"}}],\"inLanguage\":\"en-US\"}]}<\/script>\n<!-- \/ Yoast SEO plugin. -->","yoast_head_json":{"title":"Impressum | Rechtliche Hinweise | Malerin Carola von Seherr-Thoss","description":"Hier finden Sie alle rechtlich relevanten Informationen zur Malerin Carola von Seherr-Thoss aus M\u00fcnchen.","robots":{"index":"index","follow":"follow","max-snippet":"max-snippet:-1","max-image-preview":"max-image-preview:large","max-video-preview":"max-video-preview:-1"},"canonical":"https:\/\/www.vonseherrthoss-painting.com\/en\/impressum\/","og_locale":"en_US","og_type":"article","og_title":"Impressum | Rechtliche Hinweise | Malerin Carola von Seherr-Thoss","og_description":"Hier finden Sie alle rechtlich relevanten Informationen zur Malerin Carola von Seherr-Thoss aus M\u00fcnchen.","og_url":"https:\/\/www.vonseherrthoss-painting.com\/en\/impressum\/","og_site_name":"Carola von Seherr-Thoss","article_modified_time":"2022-11-03T14:43:14+00:00","twitter_card":"summary_large_image","twitter_misc":{"Est. reading time":"1 minute"},"schema":{"@context":"https:\/\/schema.org","@graph":[{"@type":"WebPage","@id":"https:\/\/www.vonseherrthoss-painting.com\/en\/impressum\/","url":"https:\/\/www.vonseherrthoss-painting.com\/en\/impressum\/","name":"Impressum | Rechtliche Hinweise | Malerin Carola von Seherr-Thoss","isPartOf":{"@id":"https:\/\/www.vonseherrthoss-painting.com\/#website"},"datePublished":"2019-01-29T09:07:50+00:00","dateModified":"2022-11-03T14:43:14+00:00","description":"Hier finden Sie alle rechtlich relevanten Informationen zur Malerin Carola von Seherr-Thoss aus M\u00fcnchen.","breadcrumb":{"@id":"https:\/\/www.vonseherrthoss-painting.com\/en\/impressum\/#breadcrumb"},"inLanguage":"en-US","potentialAction":[{"@type":"ReadAction","target":["https:\/\/www.vonseherrthoss-painting.com\/en\/impressum\/"]}]},{"@type":"BreadcrumbList","@id":"https:\/\/www.vonseherrthoss-painting.com\/en\/impressum\/#breadcrumb","itemListElement":[{"@type":"ListItem","position":1,"name":"Startseite","item":"https:\/\/www.vonseherrthoss-painting.com\/en\/home\/"},{"@type":"ListItem","position":2,"name":"Impressum"}]},{"@type":"WebSite","@id":"https:\/\/www.vonseherrthoss-painting.com\/#website","url":"https:\/\/www.vonseherrthoss-painting.com\/","name":"Carola von Seherr-Thoss","description":"Acryl on Canvas, Paperworks and more","potentialAction":[{"@type":"SearchAction","target":{"@type":"EntryPoint","urlTemplate":"https:\/\/www.vonseherrthoss-painting.com\/?s={search_term_string}"},"query-input":{"@type":"PropertyValueSpecification","valueRequired":true,"valueName":"search_term_string"}}],"inLanguage":"en-US"}]}},"_links":{"self":[{"href":"https:\/\/www.vonseherrthoss-painting.com\/en\/wp-json\/wp\/v2\/pages\/709","targetHints":{"allow":["GET"]}}],"collection":[{"href":"https:\/\/www.vonseherrthoss-painting.com\/en\/wp-json\/wp\/v2\/pages"}],"about":[{"href":"https:\/\/www.vonseherrthoss-painting.com\/en\/wp-json\/wp\/v2\/types\/page"}],"author":[{"embeddable":true,"href":"https:\/\/www.vonseherrthoss-painting.com\/en\/wp-json\/wp\/v2\/users\/1"}],"replies":[{"embeddable":true,"href":"https:\/\/www.vonseherrthoss-painting.com\/en\/wp-json\/wp\/v2\/comments?post=709"}],"version-history":[{"count":1,"href":"https:\/\/www.vonseherrthoss-painting.com\/en\/wp-json\/wp\/v2\/pages\/709\/revisions"}],"predecessor-version":[{"id":710,"href":"https:\/\/www.vonseherrthoss-painting.com\/en\/wp-json\/wp\/v2\/pages\/709\/revisions\/710"}],"wp:attachment":[{"href":"https:\/\/www.vonseherrthoss-painting.com\/en\/wp-json\/wp\/v2\/media?parent=709"}],"curies":[{"name":"wp","href":"https:\/\/api.w.org\/{rel}","templated":true}]}}